{"id":366,"date":"2017-04-02T18:52:41","date_gmt":"2017-04-02T16:52:41","guid":{"rendered":"http:\/\/francois-jonquieres-voix-off.com\/?page_id=366"},"modified":"2017-06-19T02:44:13","modified_gmt":"2017-06-19T00:44:13","slug":"contact","status":"publish","type":"page","link":"https:\/\/francois-jonquieres-voix-off.com\/?page_id=366","title":{"rendered":"Contact"},"content":{"rendered":"<p>Vous pouvez me contacter par le biais du formulaire ci-dessous et par t\u00e9l\u00e9phone au +33 680 020 611<\/p>\n<p>\u00c0 bient\u00f4t<\/p>\n<div class=\"frm_forms  with_frm_style frm_style_style-formidable\" id=\"frm_form_5_container\" >\n<form enctype=\"multipart\/form-data\" method=\"post\" class=\"frm-show-form \" id=\"form_pxjmx\" >\n<div class=\"frm_form_fields \">\n<fieldset>\n<legend class=\"frm_hidden\">formulaire de contact<\/legend>\r\n\r\n<div class=\"frm_fields_container\">\n<input type=\"hidden\" name=\"frm_action\" value=\"create\" \/>\n<input type=\"hidden\" name=\"form_id\" value=\"5\" \/>\n<input type=\"hidden\" name=\"frm_hide_fields_5\" id=\"frm_hide_fields_5\" value=\"\" \/>\n<input type=\"hidden\" name=\"form_key\" value=\"pxjmx\" \/>\n<input type=\"hidden\" name=\"item_meta[0]\" value=\"\" \/>\n<input type=\"hidden\" id=\"frm_submit_entry_5\" name=\"frm_submit_entry_5\" value=\"e9250e073b\" \/><input type=\"hidden\" name=\"_wp_http_referer\" value=\"\/index.php?rest_route=%2Fwp%2Fv2%2Fpages%2F366\" \/><div id=\"frm_field_13_container\" class=\"frm_form_field form-field  frm_required_field frm_top_container frm_half\">\r\n    <label for=\"field_3qs22\" class=\"frm_primary_label\">Votre nom \/ your name\r\n        <span class=\"frm_required\">*<\/span>\r\n    <\/label>\r\n    <input type=\"text\" id=\"field_3qs22\" name=\"item_meta[13]\" value=\"\"  data-reqmsg=\"Ce champ ne peut pas \u00eatre vide\" aria-required=\"true\" data-invmsg=\"Votre nom \/ your name est non valide\" aria-invalid=\"false\"  \/>\r\n    \r\n    \r\n<\/div>\n<div id=\"frm_field_14_container\" class=\"frm_form_field form-field  frm_required_field frm_top_container frm_half\">\r\n    <label for=\"field_cau6u\" class=\"frm_primary_label\">Votre adresse e-mail \/ your e-mail\r\n        <span class=\"frm_required\">*<\/span>\r\n    <\/label>\r\n    <input type=\"email\" id=\"field_cau6u\" name=\"item_meta[14]\" value=\"\"  data-reqmsg=\"Ce champ ne peut pas \u00eatre vide\" aria-required=\"true\" data-invmsg=\"Adresse e-mail est non valide\" aria-invalid=\"false\"  \/>\r\n    \r\n    \r\n<\/div>\n<div id=\"frm_field_15_container\" class=\"frm_form_field form-field  frm_required_field frm_top_container frm_half\">\r\n    <label for=\"field_jauic\" class=\"frm_primary_label\">Sujet \/ subject\r\n        <span class=\"frm_required\">*<\/span>\r\n    <\/label>\r\n    <input type=\"text\" id=\"field_jauic\" name=\"item_meta[15]\" value=\"\"  data-reqmsg=\"Ce champ ne peut pas \u00eatre vide\" aria-required=\"true\" data-invmsg=\"Sujet \/ subject est non valide\" aria-invalid=\"false\"  \/>\r\n    \r\n    \r\n<\/div>\n<div id=\"frm_field_16_container\" class=\"frm_form_field form-field  frm_top_container\">\r\n    <label for=\"field_39lwc\" class=\"frm_primary_label\">Message\r\n        <span class=\"frm_required\"><\/span>\r\n    <\/label>\r\n    <textarea name=\"item_meta[16]\" id=\"field_39lwc\" rows=\"5\"  data-invmsg=\"Message est non valide\" aria-invalid=\"false\"  ><\/textarea>\r\n    \r\n    \r\n<\/div>\n<div id=\"frm_field_17_container\" class=\"frm_form_field form-field \">\n\t<div class=\"frm_submit\">\r\n\r\n<button class=\"frm_button_submit\" type=\"submit\"  >Envoyer \/ Send<\/button>\r\n\r\n<\/div>\n<\/div>\n\t<input type=\"hidden\" name=\"item_key\" value=\"\" \/>\n\t\t\t\t<div class=\"frm__669a9d0e76939\">\n\t\t\t\t<label for=\"frm_email_5\" >\n\t\t\t\t\tSi vous \u00eates un humain, ne remplissez pas ce champ.\t\t\t\t<\/label>\n\t\t\t\t<input  id=\"frm_email_5\" type=\"text\" class=\"frm_verify\" name=\"frm__669a9d0e76939\" value=\"\" autocomplete=\"off\"  \/>\n\t\t\t<\/div>\n\t\t<\/div>\n<\/fieldset>\n<\/div>\n\n<\/form>\n<\/div>\n\n","protected":false},"excerpt":{"rendered":"<p>Vous pouvez me contacter par le biais du formulaire ci-dessous et par t\u00e9l\u00e9phone au +33 680 020 611 \u00c0 bient\u00f4t<\/p>\n","protected":false},"author":1,"featured_media":0,"parent":0,"menu_order":0,"comment_status":"closed","ping_status":"closed","template":"","meta":{"footnotes":""},"class_list":["post-366","page","type-page","status-publish","hentry"],"jetpack_sharing_enabled":true,"_links":{"self":[{"href":"https:\/\/francois-jonquieres-voix-off.com\/index.php?rest_route=\/wp\/v2\/pages\/366"}],"collection":[{"href":"https:\/\/francois-jonquieres-voix-off.com\/index.php?rest_route=\/wp\/v2\/pages"}],"about":[{"href":"https:\/\/francois-jonquieres-voix-off.com\/index.php?rest_route=\/wp\/v2\/types\/page"}],"author":[{"embeddable":true,"href":"https:\/\/francois-jonquieres-voix-off.com\/index.php?rest_route=\/wp\/v2\/users\/1"}],"replies":[{"embeddable":true,"href":"https:\/\/francois-jonquieres-voix-off.com\/index.php?rest_route=%2Fwp%2Fv2%2Fcomments&post=366"}],"version-history":[{"count":15,"href":"https:\/\/francois-jonquieres-voix-off.com\/index.php?rest_route=\/wp\/v2\/pages\/366\/revisions"}],"predecessor-version":[{"id":454,"href":"https:\/\/francois-jonquieres-voix-off.com\/index.php?rest_route=\/wp\/v2\/pages\/366\/revisions\/454"}],"wp:attachment":[{"href":"https:\/\/francois-jonquieres-voix-off.com\/index.php?rest_route=%2Fwp%2Fv2%2Fmedia&parent=366"}],"curies":[{"name":"wp","href":"https:\/\/api.w.org\/{rel}","templated":true}]}}