{"id":5,"date":"2016-10-06T19:39:38","date_gmt":"2016-10-06T17:39:38","guid":{"rendered":"http:\/\/francois-jonquieres-voix-off.com\/?page_id=5"},"modified":"2024-09-12T14:33:44","modified_gmt":"2024-09-12T12:33:44","slug":"accueil","status":"publish","type":"page","link":"https:\/\/francois-jonquieres-voix-off.com\/","title":{"rendered":"accueil"},"content":{"rendered":"<table style=\"border-top-left-radius: 6px; border-top-right-radius: 6px; border-bottom-right-radius: 6px; border-bottom-left-radius: 6px; border: 6px solid #336699; height: 323px;\" border=\"4\" width=\"1107\" cellpadding=\"20\">\n<tbody>\n<tr bgcolor=\"#FFFFFF\">\n<td style=\"padding-left: 30px; text-align: left;\">\n<h3 style=\"text-align: center;\"><strong><span style=\"color: #000000;\">Com\u00e9dien voix off au service de tout projet audiovisuel,<\/span><\/strong><\/h3>\n<h4 style=\"text-align: center;\"><span style=\"color: #000000;\">je me d\u00e9place\u00a0en studio, ou fournis mes voix depuis mon home studio professionnel :<\/span><\/h4>\n<p><span style=\"color: #000000;\">Pour un\u00a0rendu sonore optimum,\u00a0mon capteur de son est\u00a0un\u00a0microphone \u00e0 lampe <strong>Neumann M367<\/strong>, la version ORTF du c\u00e9l\u00e8bre U67 ; no comment.<\/span><br \/>\n<span style=\"color: #000000;\"> \u00c9coutes Atohm 1.0 pour leur fid\u00e9lit\u00e9, casques Sennheiser HD25 et Audio-Technica ATH M50x ; les oreilles sont reines.<\/span><br \/>\n<span style=\"color: #000000;\"> L&rsquo;interface est une MOTU M4, choisie pour la qualit\u00e9 de ses pr\u00e9amplis et ses fonctionnalit\u00e9s.<\/span><br \/>\n<span style=\"color: #000000;\">Une cabine acoustique personnelle ; efficace et confortable.<\/span><br \/>\n<span style=\"color: #000000;\"> Logic pro X sur mac ;\u00a0un DAW puissant et fiable.<\/span><br \/>\n<span style=\"color: #000000;\">La livraison sera au format audio souhait\u00e9. Du Mp3 128k, au wave ou aiff \u00e0 96\u00a0KHz. Net, propre et sans bavure !<\/span><\/p>\n<p style=\"text-align: left;\">\n<\/td>\n<\/tr>\n<\/tbody>\n<\/table>\n<table style=\"border-top-left-radius: 6px; border-top-right-radius: 6px; border-bottom-right-radius: 6px; border-bottom-left-radius: 6px; border: 6px solid #336699; height: 369px;\" border=\"4\" width=\"1108\" cellpadding=\"20\">\n<tbody>\n<tr bgcolor=\"#FFFFFF\">\n<td style=\"padding-left: 30px; text-align: center;\">\n<h3 style=\"text-align: center;\"><strong><span style=\"color: #000000;\">R\u00e9alisation sonore de vos projets audiovisuels<\/span><\/strong><\/h3>\n<p><span style=\"color: #000000;\">En compl\u00e9ment de ma voix, ma formation et mon exp\u00e9rience dans les techniques du son vous garantissent une grande <strong>qualit\u00e9 audio<\/strong>.<\/span><br \/>\nJe ma\u00eetrise toute la <strong>cha\u00eene du son<\/strong>, de la captation jusqu&rsquo;au mixage et la masterisation.<br \/>\nBesoin d&rsquo;un <strong>habillage sonore<\/strong> ? Je pratique \u00e9galement le bruitage et le <em><strong>sound design<\/strong><\/em>.<\/p>\n<p style=\"text-align: left;\">Exemple de r\u00e9alisation sonore 1 : <a href=\"https:\/\/youtu.be\/13KHCGMSuXk\" target=\"_blank\" rel=\"noopener\">Mission climat<\/a> Voix off, captation des voix, traitement et corrections audio, bruitages, musiques, SFX, mixage, masterisation.<\/p>\n<p style=\"text-align: left;\">Exemple de r\u00e9alisation sonore 2 :\u00a0<a href=\"https:\/\/youtu.be\/oUcCTMb6ybQ\" target=\"_blank\" rel=\"noopener\">Enqu\u00eate dans la peau<\/a>\u00a0Traitement et corrections audio, bruitages, sound design, SFX, mixage, masterisation.<\/p>\n<\/td>\n<\/tr>\n<\/tbody>\n<\/table>\n<hr \/>\n<h3 style=\"text-align: center;\"><span style=\"color: #004566;\">medley voix<\/span><\/h3>\n<!--[if lt IE 9]><script>document.createElement('audio');<\/script><![endif]-->\n<audio class=\"wp-audio-shortcode\" id=\"audio-5-1\" preload=\"auto\" style=\"width: 100%;\" controls=\"controls\"><source type=\"audio\/mpeg\" src=\"http:\/\/francois-jonquieres-voix-off.com\/wp-content\/uploads\/2023\/10\/Francois_Jonquieres_Demo-voix_2023.mp3?_=1\" \/><a href=\"http:\/\/francois-jonquieres-voix-off.com\/wp-content\/uploads\/2023\/10\/Francois_Jonquieres_Demo-voix_2023.mp3\">http:\/\/francois-jonquieres-voix-off.com\/wp-content\/uploads\/2023\/10\/Francois_Jonquieres_Demo-voix_2023.mp3<\/a><\/audio>\n<hr size=\"20\" \/>\n<h3 style=\"text-align: center;\"><span style=\"color: #004566;\">d\u00e9mo publicit\u00e9<\/span><\/h3>\n<audio class=\"wp-audio-shortcode\" id=\"audio-5-2\" preload=\"none\" style=\"width: 100%;\" controls=\"controls\"><source type=\"audio\/mpeg\" src=\"http:\/\/francois-jonquieres-voix-off.com\/wp-content\/uploads\/2024\/07\/Francois_Jonquieres_Demo_Pub.mp3?_=2\" \/><a href=\"http:\/\/francois-jonquieres-voix-off.com\/wp-content\/uploads\/2024\/07\/Francois_Jonquieres_Demo_Pub.mp3\">http:\/\/francois-jonquieres-voix-off.com\/wp-content\/uploads\/2024\/07\/Francois_Jonquieres_Demo_Pub.mp3<\/a><\/audio>\n<hr size=\"20\" \/>\n<h3 style=\"text-align: center;\"><span style=\"color: #004566;\">d\u00e9mo corporate \/ institutionnel<\/span><\/h3>\n<audio class=\"wp-audio-shortcode\" id=\"audio-5-3\" preload=\"auto\" style=\"width: 100%;\" controls=\"controls\"><source type=\"audio\/mpeg\" src=\"http:\/\/francois-jonquieres-voix-off.com\/wp-content\/uploads\/2024\/07\/Francois_Jonquieres_Demo_Corporate.Institutionnel.mp3?_=3\" \/><a href=\"http:\/\/francois-jonquieres-voix-off.com\/wp-content\/uploads\/2024\/07\/Francois_Jonquieres_Demo_Corporate.Institutionnel.mp3\">http:\/\/francois-jonquieres-voix-off.com\/wp-content\/uploads\/2024\/07\/Francois_Jonquieres_Demo_Corporate.Institutionnel.mp3<\/a><\/audio>\n<hr size=\"20\" \/>\n<h3 style=\"text-align: center;\"><span style=\"color: #004566;\">d\u00e9mo voice-over<\/span><\/h3>\n<audio class=\"wp-audio-shortcode\" id=\"audio-5-4\" preload=\"none\" style=\"width: 100%;\" controls=\"controls\"><source type=\"audio\/mpeg\" src=\"http:\/\/francois-jonquieres-voix-off.com\/wp-content\/uploads\/2024\/07\/Francois_Jonquieres_Voice-Over.mp3?_=4\" \/><a href=\"http:\/\/francois-jonquieres-voix-off.com\/wp-content\/uploads\/2024\/07\/Francois_Jonquieres_Voice-Over.mp3\">http:\/\/francois-jonquieres-voix-off.com\/wp-content\/uploads\/2024\/07\/Francois_Jonquieres_Voice-Over.mp3<\/a><\/audio>\n<hr size=\"20\" \/>\n<h3 style=\"text-align: center;\"><span style=\"color: #004566;\">d\u00e9mo documentaire<\/span><\/h3>\n<audio class=\"wp-audio-shortcode\" id=\"audio-5-5\" preload=\"none\" style=\"width: 100%;\" controls=\"controls\"><source type=\"audio\/mpeg\" src=\"http:\/\/francois-jonquieres-voix-off.com\/wp-content\/uploads\/2021\/10\/Francois-Jonquieres_Demo-Docu.mp3?_=5\" \/><a href=\"http:\/\/francois-jonquieres-voix-off.com\/wp-content\/uploads\/2021\/10\/Francois-Jonquieres_Demo-Docu.mp3\">http:\/\/francois-jonquieres-voix-off.com\/wp-content\/uploads\/2021\/10\/Francois-Jonquieres_Demo-Docu.mp3<\/a><\/audio>\n<hr \/>\n<p>Bonne \u00e9coute et \u00e0 bient\u00f4t !<\/p>\n","protected":false},"excerpt":{"rendered":"<p>Com\u00e9dien voix off au service de tout projet audiovisuel, je me d\u00e9place\u00a0en studio, ou fournis mes voix depuis mon home studio professionnel : Pour un\u00a0rendu sonore optimum,\u00a0mon capteur de son est\u00a0un\u00a0microphone \u00e0 lampe Neumann M367, la version ORTF du c\u00e9l\u00e8bre U67 ; no comment. \u00c9coutes <span class=\"read-more\"><a class=\"more-link btn btn-transparent\" href=\"https:\/\/francois-jonquieres-voix-off.com\/\">Lire la suite . . .<\/a><\/span><\/p>\n","protected":false},"author":1,"featured_media":412,"parent":0,"menu_order":1,"comment_status":"closed","ping_status":"closed","template":"","meta":{"footnotes":""},"class_list":["post-5","page","type-page","status-publish","has-post-thumbnail","hentry"],"jetpack_sharing_enabled":true,"_links":{"self":[{"href":"https:\/\/francois-jonquieres-voix-off.com\/index.php?rest_route=\/wp\/v2\/pages\/5"}],"collection":[{"href":"https:\/\/francois-jonquieres-voix-off.com\/index.php?rest_route=\/wp\/v2\/pages"}],"about":[{"href":"https:\/\/francois-jonquieres-voix-off.com\/index.php?rest_route=\/wp\/v2\/types\/page"}],"author":[{"embeddable":true,"href":"https:\/\/francois-jonquieres-voix-off.com\/index.php?rest_route=\/wp\/v2\/users\/1"}],"replies":[{"embeddable":true,"href":"https:\/\/francois-jonquieres-voix-off.com\/index.php?rest_route=%2Fwp%2Fv2%2Fcomments&post=5"}],"version-history":[{"count":156,"href":"https:\/\/francois-jonquieres-voix-off.com\/index.php?rest_route=\/wp\/v2\/pages\/5\/revisions"}],"predecessor-version":[{"id":853,"href":"https:\/\/francois-jonquieres-voix-off.com\/index.php?rest_route=\/wp\/v2\/pages\/5\/revisions\/853"}],"wp:featuredmedia":[{"embeddable":true,"href":"https:\/\/francois-jonquieres-voix-off.com\/index.php?rest_route=\/wp\/v2\/media\/412"}],"wp:attachment":[{"href":"https:\/\/francois-jonquieres-voix-off.com\/index.php?rest_route=%2Fwp%2Fv2%2Fmedia&parent=5"}],"curies":[{"name":"wp","href":"https:\/\/api.w.org\/{rel}","templated":true}]}}