{"id":622,"date":"2021-07-03T16:38:29","date_gmt":"2021-07-03T14:38:29","guid":{"rendered":"http:\/\/francois-jonquieres-voix-off.com\/?page_id=622"},"modified":"2024-04-24T19:59:33","modified_gmt":"2024-04-24T17:59:33","slug":"video-test","status":"publish","type":"page","link":"https:\/\/francois-jonquieres-voix-off.com\/?page_id=622","title":{"rendered":"extraits vid\u00e9o"},"content":{"rendered":"<div style=\"float: right; width: 45%;\">\n<h3 style=\"text-align: center;\"><span style=\"color: #004566;\">corporate<\/span><\/h3>\n<div class=\"arve-wrapper aligncenter\" data-mode=\"normal\" data-provider=\"vimeo\" id=\"arve-923442460\" style=\"max-width:840px;\" itemscope itemtype=\"http:\/\/schema.org\/VideoObject\"><div class=\"arve-embed-container\" style=\"padding-bottom:56.250000%\"><meta itemprop=\"embedURL\" content=\"https:\/\/player.vimeo.com\/video\/923442460?html5=1&amp;title=0&amp;byline=0&amp;portrait=0&amp;autoplay=0\"><iframe loading=\"lazy\" allow=\"accelerometer; autoplay; encrypted-media; gyroscope; picture-in-picture\" allowfullscreen class=\"arve-iframe fitvidsignore\" frameborder=\"0\" name sandbox=\"allow-scripts allow-same-origin allow-presentation allow-popups allow-popups-to-escape-sandbox allow-forms\" scrolling=\"no\" src=\"https:\/\/player.vimeo.com\/video\/923442460?html5=1&#038;title=0&#038;byline=0&#038;portrait=0&#038;autoplay=0\" width=\"480\" height=\"270\"><\/iframe><\/div><\/div>\n<p style=\"float: left; width: 100%; text-align: left;\"><span style=\"font-family: Arial Narrow, serif;\">Film corporate pour la pomme Pink Lady. La voix d&rsquo;un arboriculteur.<\/span><\/p>\n<hr size=\"20\" \/>\n<h3 style=\"text-align: center;\"><span style=\"color: #004566;\">voice-over<\/span><\/h3>\n<div class=\"arve-wrapper aligncenter\" data-mode=\"normal\" data-provider=\"vimeo\" id=\"arve-193468715\" style=\"max-width:840px;\" itemscope itemtype=\"http:\/\/schema.org\/VideoObject\"><div class=\"arve-embed-container\" style=\"padding-bottom:56.250000%\"><meta itemprop=\"embedURL\" content=\"https:\/\/player.vimeo.com\/video\/193468715?html5=1&amp;title=0&amp;byline=0&amp;portrait=0&amp;autoplay=0\"><iframe loading=\"lazy\" allow=\"accelerometer; autoplay; encrypted-media; gyroscope; picture-in-picture\" allowfullscreen class=\"arve-iframe fitvidsignore\" frameborder=\"0\" name sandbox=\"allow-scripts allow-same-origin allow-presentation allow-popups allow-popups-to-escape-sandbox allow-forms\" scrolling=\"no\" src=\"https:\/\/player.vimeo.com\/video\/193468715?html5=1&#038;title=0&#038;byline=0&#038;portrait=0&#038;autoplay=0\" width=\"480\" height=\"270\"><\/iframe><\/div><\/div>\n<p style=\"float: left; width: 100%; text-align: left;\"><span style=\"font-family: Arial Narrow, serif;\">Pr\u00e9sentation du logiciel Adobe Captivate. Film corporate, extraits. Voice over, diff\u00e9rents personnages.<\/span><\/p>\n<hr size=\"20\" \/>\n<h3 style=\"text-align: center;\"><span style=\"color: #004566;\">documentaire France T\u00e9l\u00e9visions<\/span><\/h3>\n<div class=\"arve-wrapper aligncenter\" data-mode=\"normal\" data-provider=\"vimeo\" id=\"arve-193470167\" style=\"max-width:840px;\" itemscope itemtype=\"http:\/\/schema.org\/VideoObject\"><div class=\"arve-embed-container\" style=\"padding-bottom:56.250000%\"><meta itemprop=\"embedURL\" content=\"https:\/\/player.vimeo.com\/video\/193470167?html5=1&amp;title=0&amp;byline=0&amp;portrait=0&amp;autoplay=0\"><iframe loading=\"lazy\" allow=\"accelerometer; autoplay; encrypted-media; gyroscope; picture-in-picture\" allowfullscreen class=\"arve-iframe fitvidsignore\" frameborder=\"0\" name sandbox=\"allow-scripts allow-same-origin allow-presentation allow-popups allow-popups-to-escape-sandbox allow-forms\" scrolling=\"no\" src=\"https:\/\/player.vimeo.com\/video\/193470167?html5=1&#038;title=0&#038;byline=0&#038;portrait=0&#038;autoplay=0\" width=\"480\" height=\"270\"><\/iframe><\/div><\/div>\n<p style=\"float: left; width: 100%; text-align: left;\"><span style=\"font-family: Arial Narrow, serif;\">Anne Alassane est une cuisini\u00e8re au parcours hors du commun, de l&rsquo;Afrique aux plateaux de t\u00e9l\u00e9vision elle offre chaque jour \u00e0 ceux qui l&rsquo;accompagnent un nouveau voyage et elle leur fait partager plus que de la nourriture. Film documentaire, dur\u00e9e 52&prime; &#8211; extrait. Commentaire voix off.<\/span><span style=\"font-family: Arial Narrow, serif;\"><br \/>\nR\u00e9alisation Jean Michel Destang. Productions Docland Yard &#8211; France 3<\/span><\/p>\n<hr size=\"20\" \/>\n<h3 style=\"text-align: center;\"><span style=\"color: #004566;\">p\u00e9dagogie<\/span><\/h3>\n<div class=\"arve-wrapper aligncenter\" data-mode=\"normal\" data-provider=\"vimeo\" id=\"arve-510741875\" style=\"max-width:840px;\" itemscope itemtype=\"http:\/\/schema.org\/VideoObject\"><div class=\"arve-embed-container\" style=\"padding-bottom:56.250000%\"><meta itemprop=\"embedURL\" content=\"https:\/\/player.vimeo.com\/video\/510741875?html5=1&amp;title=0&amp;byline=0&amp;portrait=0&amp;autoplay=0\"><iframe loading=\"lazy\" allow=\"accelerometer; autoplay; encrypted-media; gyroscope; picture-in-picture\" allowfullscreen class=\"arve-iframe fitvidsignore\" frameborder=\"0\" name sandbox=\"allow-scripts allow-same-origin allow-presentation allow-popups allow-popups-to-escape-sandbox allow-forms\" scrolling=\"no\" src=\"https:\/\/player.vimeo.com\/video\/510741875?html5=1&#038;title=0&#038;byline=0&#038;portrait=0&#038;autoplay=0\" width=\"480\" height=\"270\"><\/iframe><\/div><\/div>\n<p style=\"float: left; width: 100%; text-align: left;\"><span style=\"font-family: Arial Narrow, serif;\">Film d&rsquo;animation p\u00e9dagogique contre le gaspillage alimentaire.<\/span><span style=\"font-family: Arial Narrow, serif;\"><br \/>\nJe suis la voix de tous les personnages.\u00a0J&rsquo;ai r\u00e9alis\u00e9 <strong>la bande son<\/strong>; enregistrements voix off, bruitages, ambiances sonores, virgules musicales, mixage.<\/span><span style=\"font-family: Arial Narrow, serif;\"><br \/>\nR\u00e9alisation Ezlearn Conseil<\/span><\/p>\n<hr size=\"20\" \/>\n<h3 style=\"text-align: center;\"><span style=\"color: #004566;\">pr\u00e9histoire<\/span><\/h3>\n<div class=\"arve-wrapper aligncenter\" data-mode=\"normal\" data-provider=\"vimeo\" id=\"arve-224677406\" style=\"max-width:840px;\" itemscope itemtype=\"http:\/\/schema.org\/VideoObject\"><div class=\"arve-embed-container\" style=\"padding-bottom:56.250000%\"><meta itemprop=\"embedURL\" content=\"https:\/\/player.vimeo.com\/video\/224677406?html5=1&amp;title=0&amp;byline=0&amp;portrait=0&amp;autoplay=0\"><iframe loading=\"lazy\" allow=\"accelerometer; autoplay; encrypted-media; gyroscope; picture-in-picture\" allowfullscreen class=\"arve-iframe fitvidsignore\" frameborder=\"0\" name sandbox=\"allow-scripts allow-same-origin allow-presentation allow-popups allow-popups-to-escape-sandbox allow-forms\" scrolling=\"no\" src=\"https:\/\/player.vimeo.com\/video\/224677406?html5=1&#038;title=0&#038;byline=0&#038;portrait=0&#038;autoplay=0\" width=\"480\" height=\"270\"><\/iframe><\/div><\/div>\n<p style=\"float: left; width: 100%; text-align: left;\"><span style=\"font-family: Arial Narrow, serif;\">Film documentaire sur l&rsquo;arch\u00e9ologie et l&rsquo;art pari\u00e9tal. Extrait. Commentaire voix off.<\/span><span style=\"font-family: Arial Narrow, serif;\"><br \/>\nR\u00e9alisation Kal\u00e9o. Production mus\u00e9e du quai Branly &#8211; Jacques Chirac, Paris<\/span><\/p>\n<hr size=\"20\" \/>\n<h3 style=\"text-align: center;\"><span style=\"color: #004566;\">documentaire<\/span><\/h3>\n<div class=\"arve-wrapper aligncenter\" data-mode=\"normal\" data-provider=\"vimeo\" id=\"arve-207355221\" style=\"max-width:840px;\" itemscope itemtype=\"http:\/\/schema.org\/VideoObject\"><div class=\"arve-embed-container\" style=\"padding-bottom:56.250000%\"><meta itemprop=\"embedURL\" content=\"https:\/\/player.vimeo.com\/video\/207355221?html5=1&amp;title=0&amp;byline=0&amp;portrait=0&amp;autoplay=0\"><iframe loading=\"lazy\" allow=\"accelerometer; autoplay; encrypted-media; gyroscope; picture-in-picture\" allowfullscreen class=\"arve-iframe fitvidsignore\" frameborder=\"0\" name sandbox=\"allow-scripts allow-same-origin allow-presentation allow-popups allow-popups-to-escape-sandbox allow-forms\" scrolling=\"no\" src=\"https:\/\/player.vimeo.com\/video\/207355221?html5=1&#038;title=0&#038;byline=0&#038;portrait=0&#038;autoplay=0\" width=\"480\" height=\"270\"><\/iframe><\/div><\/div>\n<p style=\"float: left; width: 100%; text-align: left;\"><span style=\"font-family: Arial Narrow, serif;\">L\u00e9on Chestov 1866-1938 : la Pens\u00e9e du Dehors. Film documentaire, dur\u00e9e 12&rsquo;18\u201c &#8211; extrait. Voix off.<\/span><span style=\"font-family: Arial Narrow, serif;\"><br \/>\nR\u00e9alisation Ramona Fotiade et Alexis Nahan pour La Societe d&rsquo;\u00c9tudes L\u00e9on Chestov et Le Passager Productions<\/span><\/p>\n<hr size=\"20\" \/>\n<\/div>\n<div style=\"float: left; width: 45%;\">\n<h3 style=\"text-align: center;\"><span style=\"color: #004566;\">institutionnel<\/span><\/h3>\n<div class=\"arve-wrapper aligncenter\" data-mode=\"normal\" data-provider=\"vimeo\" id=\"arve-938728797\" style=\"max-width:840px;\" itemscope itemtype=\"http:\/\/schema.org\/VideoObject\"><div class=\"arve-embed-container\" style=\"padding-bottom:56.250000%\"><meta itemprop=\"embedURL\" content=\"https:\/\/player.vimeo.com\/video\/938728797?html5=1&amp;title=0&amp;byline=0&amp;portrait=0&amp;autoplay=0\"><iframe loading=\"lazy\" allow=\"accelerometer; autoplay; encrypted-media; gyroscope; picture-in-picture\" allowfullscreen class=\"arve-iframe fitvidsignore\" frameborder=\"0\" name sandbox=\"allow-scripts allow-same-origin allow-presentation allow-popups allow-popups-to-escape-sandbox allow-forms\" scrolling=\"no\" src=\"https:\/\/player.vimeo.com\/video\/938728797?html5=1&#038;title=0&#038;byline=0&#038;portrait=0&#038;autoplay=0\" width=\"480\" height=\"270\"><\/iframe><\/div><\/div>\n<p style=\"float: left; width: 100%; text-align: left;\"><span style=\"font-family: Arial Narrow, serif;\">Film informatif \u00e0 destination de personnes d\u00e9tenues en milieu carc\u00e9ral.<br \/>\nR\u00e9alisation 1616 prod, pour le minist\u00e8re de la justice<\/span><\/p>\n<hr size=\"20\" \/>\n<h3 style=\"text-align: center;\"><span style=\"color: #004566;\">\u00e9ducation<\/span><\/h3>\n<div class=\"arve-wrapper aligncenter\" data-mode=\"normal\" data-provider=\"vimeo\" id=\"arve-194243206\" style=\"max-width:840px;\" itemscope itemtype=\"http:\/\/schema.org\/VideoObject\"><div class=\"arve-embed-container\" style=\"padding-bottom:56.250000%\"><meta itemprop=\"embedURL\" content=\"https:\/\/player.vimeo.com\/video\/194243206?html5=1&amp;title=0&amp;byline=0&amp;portrait=0&amp;autoplay=0\"><iframe loading=\"lazy\" allow=\"accelerometer; autoplay; encrypted-media; gyroscope; picture-in-picture\" allowfullscreen class=\"arve-iframe fitvidsignore\" frameborder=\"0\" name sandbox=\"allow-scripts allow-same-origin allow-presentation allow-popups allow-popups-to-escape-sandbox allow-forms\" scrolling=\"no\" src=\"https:\/\/player.vimeo.com\/video\/194243206?html5=1&#038;title=0&#038;byline=0&#038;portrait=0&#038;autoplay=0\" width=\"480\" height=\"270\"><\/iframe><\/div><\/div>\n<p style=\"float: left; width: 100%; text-align: left;\"><span style=\"font-family: Arial Narrow, serif;\">Film d&rsquo;animation pour la jeunesse. Le r\u00f4le des satellites dans l\u2019\u00e9tude des a\u00e9rosols et des nuages et leurs implications dans les changements climatiques.\u00a0<\/span><span style=\"font-family: Arial Narrow, serif;\">Personnage principal\u00a0: A\u00e9ro Sol (particule en suspension)<br \/>\nJe suis la voix de Sol et j&rsquo;ai r\u00e9alis\u00e9 <strong>la bande son<\/strong>; enregistrements voix off, bruitages, ambiances sonores, virgules musicales, mixage.<br \/>\nR\u00e9alisation SapienSapienS pour le CNES<\/span><\/p>\n<hr size=\"20\" \/>\n<h3 style=\"text-align: center;\"><span style=\"color: #004566;\">corporate<\/span><\/h3>\n<div class=\"arve-wrapper aligncenter\" data-mode=\"normal\" data-provider=\"vimeo\" id=\"arve-194913597\" style=\"max-width:840px;\" itemscope itemtype=\"http:\/\/schema.org\/VideoObject\"><div class=\"arve-embed-container\" style=\"padding-bottom:56.250000%\"><meta itemprop=\"embedURL\" content=\"https:\/\/player.vimeo.com\/video\/194913597?html5=1&amp;title=0&amp;byline=0&amp;portrait=0&amp;autoplay=0\"><iframe loading=\"lazy\" allow=\"accelerometer; autoplay; encrypted-media; gyroscope; picture-in-picture\" allowfullscreen class=\"arve-iframe fitvidsignore\" frameborder=\"0\" name sandbox=\"allow-scripts allow-same-origin allow-presentation allow-popups allow-popups-to-escape-sandbox allow-forms\" scrolling=\"no\" src=\"https:\/\/player.vimeo.com\/video\/194913597?html5=1&#038;title=0&#038;byline=0&#038;portrait=0&#038;autoplay=0\" width=\"480\" height=\"270\"><\/iframe><\/div><\/div>\n<p style=\"float: left; width: 100%; text-align: left;\"><span style=\"font-family: Arial Narrow, serif;\">2 rameurs de l&rsquo;\u00e9quipe francaise d&rsquo;aviron, C\u00e9dric Berrest et Juilien Bahain, s&rsquo;entra\u00eenent pour les JO de Londres 2012. \u00a0Un film corporate, r\u00e9alis\u00e9 dans le cadre d&rsquo;une commande de la soci\u00e9t\u00e9 Guerlain, diffus\u00e9 \u00e0 Paris lors de la convention internationale du groupe en 2012. Voix off.<\/span><span style=\"font-family: Arial Narrow, serif;\"><br \/>\nR\u00e9alisation Christophe Queval. Co-production Panath\u00e9n\u00e9es Strat\u00e9gie Management et Veni Vidi Prod <\/span><\/p>\n<hr size=\"20\" \/>\n<h3 style=\"text-align: center;\"><span style=\"color: #004566;\">r\u00e9seaux<\/span><\/h3>\n<div class=\"arve-wrapper aligncenter\" data-mode=\"normal\" data-provider=\"vimeo\" id=\"arve-206178305\" style=\"max-width:840px;\" itemscope itemtype=\"http:\/\/schema.org\/VideoObject\"><div class=\"arve-embed-container\" style=\"padding-bottom:56.250000%\"><meta itemprop=\"embedURL\" content=\"https:\/\/player.vimeo.com\/video\/206178305?html5=1&amp;title=0&amp;byline=0&amp;portrait=0&amp;autoplay=0\"><iframe loading=\"lazy\" allow=\"accelerometer; autoplay; encrypted-media; gyroscope; picture-in-picture\" allowfullscreen class=\"arve-iframe fitvidsignore\" frameborder=\"0\" name sandbox=\"allow-scripts allow-same-origin allow-presentation allow-popups allow-popups-to-escape-sandbox allow-forms\" scrolling=\"no\" src=\"https:\/\/player.vimeo.com\/video\/206178305?html5=1&#038;title=0&#038;byline=0&#038;portrait=0&#038;autoplay=0\" width=\"480\" height=\"270\"><\/iframe><\/div><\/div>\n<p style=\"float: left; width: 100%; text-align: left;\"><span style=\"font-family: Arial Narrow, serif;\">Film institutionnel d&rsquo;Animation pour la pr\u00e9sentation du d\u00e9veloppement du r\u00e9seau de transport urbain \u00e0 Toulouse. Voix off.<\/span><span style=\"font-family: Arial Narrow, serif;\"><br \/>\nR\u00e9alisation Veni Vidi Prod pour Tiss\u00e9o<\/span><\/p>\n<hr size=\"20\" \/>\n<h3 style=\"text-align: center;\"><span style=\"color: #004566;\">publicit\u00e9<\/span><\/h3>\n<div class=\"arve-wrapper aligncenter\" data-mode=\"normal\" data-provider=\"vimeo\" id=\"arve-207340180\" style=\"max-width:840px;\" itemscope itemtype=\"http:\/\/schema.org\/VideoObject\"><div class=\"arve-embed-container\" style=\"padding-bottom:56.250000%\"><meta itemprop=\"embedURL\" content=\"https:\/\/player.vimeo.com\/video\/207340180?html5=1&amp;title=0&amp;byline=0&amp;portrait=0&amp;autoplay=0\"><iframe loading=\"lazy\" allow=\"accelerometer; autoplay; encrypted-media; gyroscope; picture-in-picture\" allowfullscreen class=\"arve-iframe fitvidsignore\" frameborder=\"0\" name sandbox=\"allow-scripts allow-same-origin allow-presentation allow-popups allow-popups-to-escape-sandbox allow-forms\" scrolling=\"no\" src=\"https:\/\/player.vimeo.com\/video\/207340180?html5=1&#038;title=0&#038;byline=0&#038;portrait=0&#038;autoplay=0\" width=\"480\" height=\"270\"><\/iframe><\/div><\/div>\n<p style=\"float: left; width: 100%; text-align: left;\"><span style=\"font-family: Arial Narrow, serif;\">Film publicitaire diffus\u00e9 sur le web. Packshot Voix off.<\/span><span style=\"font-family: Arial Narrow, serif;\"><br \/>\nR\u00e9alisation Blister Prod<\/span><\/p>\n<hr size=\"20\" \/>\n<h3 style=\"text-align: center;\"><span style=\"color: #004566;\">travaux publics<\/span><\/h3>\n<div class=\"arve-wrapper aligncenter\" data-mode=\"normal\" data-provider=\"vimeo\" id=\"arve-214550724\" style=\"max-width:840px;\" itemscope itemtype=\"http:\/\/schema.org\/VideoObject\"><div class=\"arve-embed-container\" style=\"padding-bottom:56.250000%\"><meta itemprop=\"embedURL\" content=\"https:\/\/player.vimeo.com\/video\/214550724?html5=1&amp;title=0&amp;byline=0&amp;portrait=0&amp;autoplay=0\"><iframe loading=\"lazy\" allow=\"accelerometer; autoplay; encrypted-media; gyroscope; picture-in-picture\" allowfullscreen class=\"arve-iframe fitvidsignore\" frameborder=\"0\" name sandbox=\"allow-scripts allow-same-origin allow-presentation allow-popups allow-popups-to-escape-sandbox allow-forms\" scrolling=\"no\" src=\"https:\/\/player.vimeo.com\/video\/214550724?html5=1&#038;title=0&#038;byline=0&#038;portrait=0&#038;autoplay=0\" width=\"480\" height=\"270\"><\/iframe><\/div><\/div>\n<p style=\"float: left; width: 100%; text-align: left;\"><span style=\"font-family: Arial Narrow, serif;\">Film institutionnel d&rsquo;information pour la pr\u00e9sentation de nouveaux am\u00e9nagements routiers. Voix off.<\/span><span style=\"font-family: Arial Narrow, serif;\"><br \/>\nR\u00e9alisation Komenvoir<\/span><\/p>\n<\/div>\n","protected":false},"excerpt":{"rendered":"<p>corporate Film corporate pour la pomme Pink Lady. La voix d&rsquo;un arboriculteur. voice-over Pr\u00e9sentation du logiciel Adobe Captivate. Film corporate, extraits. Voice over, diff\u00e9rents personnages. documentaire France T\u00e9l\u00e9visions Anne Alassane est une cuisini\u00e8re au parcours hors du commun, de l&rsquo;Afrique aux plateaux de t\u00e9l\u00e9vision elle <span class=\"read-more\"><a class=\"more-link btn btn-transparent\" href=\"https:\/\/francois-jonquieres-voix-off.com\/?page_id=622\">Lire la suite . . .<\/a><\/span><\/p>\n","protected":false},"author":1,"featured_media":0,"parent":5,"menu_order":3,"comment_status":"closed","ping_status":"closed","template":"","meta":{"footnotes":""},"class_list":["post-622","page","type-page","status-publish","hentry"],"jetpack_sharing_enabled":true,"_links":{"self":[{"href":"https:\/\/francois-jonquieres-voix-off.com\/index.php?rest_route=\/wp\/v2\/pages\/622"}],"collection":[{"href":"https:\/\/francois-jonquieres-voix-off.com\/index.php?rest_route=\/wp\/v2\/pages"}],"about":[{"href":"https:\/\/francois-jonquieres-voix-off.com\/index.php?rest_route=\/wp\/v2\/types\/page"}],"author":[{"embeddable":true,"href":"https:\/\/francois-jonquieres-voix-off.com\/index.php?rest_route=\/wp\/v2\/users\/1"}],"replies":[{"embeddable":true,"href":"https:\/\/francois-jonquieres-voix-off.com\/index.php?rest_route=%2Fwp%2Fv2%2Fcomments&post=622"}],"version-history":[{"count":48,"href":"https:\/\/francois-jonquieres-voix-off.com\/index.php?rest_route=\/wp\/v2\/pages\/622\/revisions"}],"predecessor-version":[{"id":844,"href":"https:\/\/francois-jonquieres-voix-off.com\/index.php?rest_route=\/wp\/v2\/pages\/622\/revisions\/844"}],"up":[{"embeddable":true,"href":"https:\/\/francois-jonquieres-voix-off.com\/index.php?rest_route=\/wp\/v2\/pages\/5"}],"wp:attachment":[{"href":"https:\/\/francois-jonquieres-voix-off.com\/index.php?rest_route=%2Fwp%2Fv2%2Fmedia&parent=622"}],"curies":[{"name":"wp","href":"https:\/\/api.w.org\/{rel}","templated":true}]}}